{"id":479,"date":"2023-12-15T17:34:49","date_gmt":"2023-12-15T16:34:49","guid":{"rendered":"http:\/\/www.bewertungenloeschen24.de\/?page_id=479"},"modified":"2023-12-15T17:35:21","modified_gmt":"2023-12-15T16:35:21","slug":"agbs","status":"publish","type":"page","link":"https:\/\/www.bewertungenloeschen24.de\/index.php\/agbs\/","title":{"rendered":"Allgemeine Gesch\u00e4ftsbedingungen"},"content":{"rendered":"\n<p>BewertungenL\u00f6schen24 (nachfolgend &#8222;das Portal&#8220;) bietet eine Vergleichs- und Vermittlungsdienstleistung in Form eines Internetportals an. Interessenten (nachfolgend &#8222;Kunden&#8220;) wird die M\u00f6glichkeit gegeben, einen Anbietervergleich zum Thema Bewertungsl\u00f6schung anzufordern. Auf Basis dieser Anfrage und den bei der Anfrage \u00fcbermittelten Daten informiert das Portal mehrere Anbieter (mindestens zwei), die dem Kunden eigenverantwortlich Angebote zukommen lassen. Die Auswahl der Anbieter erfolgt ausschlie\u00dflich innerhalb der zu diesem Zeitpunkt beim Portal gelisteten Partner.<\/p>\n\n\n\n<p><strong>Geltungsbereich der AGB<\/strong><\/p>\n\n\n\n<p>Die nachfolgenden Bestimmungen gelten f\u00fcr Kunden ab dem Zeitpunkt der auf BewertungenL\u00f6schen24 gestellten Anfrage. Andere Bedingungen werden vom Portal, au\u00dfer ausdr\u00fccklich und aktiv in schriftlicher Form formuliert, nicht akzeptiert. Liegt keine solche ausdr\u00fcckliche und schriftliche Absprache vor, gelten die hier vereinbarten AGB zwischen Portal und Kunde uneingeschr\u00e4nkt.<\/p>\n\n\n\n<p>Kunde kann dabei jede nat\u00fcrliche und juristische Person sein, die uneingeschr\u00e4nkt gesch\u00e4ftsf\u00e4hig ist. Wird eine Anfrage vom Kunden in Auftrag f\u00fcr eine juristische Person erstellt, so unterstellt das Portal die entsprechend n\u00f6tigen Vertretungsberechtigungen.<\/p>\n\n\n\n<p><strong>&nbsp;Anfrage eines Vergleichs<\/strong><\/p>\n\n\n\n<p>Durchl\u00e4uft der Kunde auf BewertungenL\u00f6schen24 den dort dargelegten Datenabfrageprozess und \u00fcbermittelt diesen anschlie\u00dfend an das Portal, so stellt dies eine Anfrage zum Vergleich der entsprechenden Dienstleistungen dar, und gleichzeitig den Zeitpunkt des Zustandekommens eines Vertrags \u00fcber die Vermittlung von mindestens 2 Partnern. Die Anfrage selbst ist kostenlos und unverbindlich. Aufkommende Kosten werden durch Provisionen der Partner abgedeckt.<\/p>\n\n\n\n<p>In Folge der Vergleichsanfrage durch den Kunden \u00fcbermittelt das Portal diese an mindestens zwei der zu diesem Zeitpunkt beim Portal gelisteten Partner. Der Kunde erh\u00e4lt von diesen Partnern jeweils mindestens ein Angebot per Mail. Das Vertragsverh\u00e4ltnis zwischen Kunde und Portal endet mit Zustellung dieser Angebote. S\u00e4mtliche Vorg\u00e4nge und Prozesse nach Zustellung des erstmaligen Angebots obliegen dem Partner und dem Kunden.<\/p>\n\n\n\n<p>&nbsp;<strong>Zustellung und Empfang der Angebote<\/strong><\/p>\n\n\n\n<p>Das Portal stellt sicher, dass der Kunde in Folge seiner Anfrage mindestens 1 Angebot von jeweils mindestens 2 Partnern erh\u00e4lt. Die Auswahl dieser Partner erfolgt innerhalb der aktuell beim Portal gelisteten Anbieter. Die Auswahl der Partner kann vom Portal innerhalb dieser Beschr\u00e4nkung beliebig getroffen werden.<\/p>\n\n\n\n<p>Die Kontaktaufnahme zum Zweck der Angebotsunterbreitung durch die Partner kann per Mail oder per Telefon stattfinden. Bevor der Kunde ein Angebot erh\u00e4lt, hat der Partner das Recht, weitere Informationen zu erfragen.<\/p>\n\n\n\n<p>Das Portal ist bem\u00fcht, die Zustellung der Angebote oder eine erste Kontaktaufnahme der Partner innerhalb von maximal 2 Stunden umzusetzen. Eine verz\u00f6gerte Zustellung und Kontaktaufnahme ist jedoch m\u00f6glich und liegt teilweise in der Verantwortung der Partner. P\u00fcnktliche Zustellung und Kontaktaufnahme werden daher nicht vom Portal garantiert. Die Zustellung der Angebote der mindestens 2 Partner kann zeitverz\u00f6gert auftreten.<\/p>\n\n\n\n<p><strong>Datenschutz<\/strong><\/p>\n\n\n\n<p><em>&nbsp;Weitergabe \u00fcbermittelter Daten<\/em><\/p>\n\n\n\n<p>Personenbezogene Daten des Kunden, die im Zuge des Anfrageprozesses auf BewertungenL\u00f6schen24 angegeben werden, werden ausschlie\u00dflich an die beim Portal gelisteten Partner weitergeleitet. Diese Weiterleitung bedarf der Zustimmung des Kunden. Weiterleitungen an Dritte oder weitere Parteien finden nicht statt.<\/p>\n\n\n\n<p><em>&nbsp;Datenschutz auf der Website<\/em><\/p>\n\n\n\n<p>Die durch das Portal erhobenen und verarbeiteten Daten der Kunden werden gem\u00e4\u00df den geltenden gesetzlichen Bestimmungen behandelt. Weitere Informationen hierzu k\u00f6nnen in der Datenschutzerkl\u00e4rung von BewertungenL\u00f6schen24 gefunden werden: bewertungenloeschen24.de\/datenschutzerklaerung.<\/p>\n\n\n\n<p><strong>Haftung<\/strong><\/p>\n\n\n\n<p><em>&nbsp;Gew\u00e4hrleistung und Haftungsbeschr\u00e4nkung<\/em><\/p>\n\n\n\n<p>Das Portal gew\u00e4hrleistet weder die Zustellung von Angeboten durch Partner, noch einen Vertragsabschluss oder eine Zusammenarbeit mit einem Partner in Anschluss an die Vermittlung. Eine Gew\u00e4hrleistung und Haftung des Portals ist hiermit ausdr\u00fccklich ausgeschlossen. Pflichtverletzungen zwischen den beiden Parteien (Partner und Kunde) sind ebenso nicht Gegenstand der Gew\u00e4hrleistung und liegen au\u00dferhalb des Verantwortungsbereichs des Portals.<\/p>\n\n\n\n<p><em>&nbsp;Pflichten des Kunden<\/em><\/p>\n\n\n\n<p>BewertungenL\u00f6schen24 bietet die beschriebenen Leistungen kostenfrei an. Der Kunde kann im Gegenzug um eine Stellungnahme bez\u00fcglich des Portals, der vermittelten Partner, deren Services und der Zufriedenheit des Kunden gebeten werden.<\/p>\n","protected":false},"excerpt":{"rendered":"<p>BewertungenL\u00f6schen24 (nachfolgend &#8222;das Portal&#8220;) bietet eine Vergleichs- und Vermittlungsdienstleistung in Form eines Internetportals an. Interessenten (nachfolgend &#8222;Kunden&#8220;) wird die M\u00f6glichkeit gegeben, einen Anbietervergleich zum Thema Bewertungsl\u00f6schung anzufordern. Auf Basis dieser Anfrage und den bei der Anfrage \u00fcbermittelten Daten informiert das Portal mehrere Anbieter (mindestens zwei), die dem Kunden eigenverantwortlich Angebote zukommen lassen. Die Auswahl der [&hellip;]<\/p>\n","protected":false},"author":1,"featured_media":0,"parent":0,"menu_order":0,"comment_status":"closed","ping_status":"closed","template":"","meta":{"footnotes":""},"class_list":["post-479","page","type-page","status-publish","hentry"],"_links":{"self":[{"href":"https:\/\/www.bewertungenloeschen24.de\/index.php\/wp-json\/wp\/v2\/pages\/479","targetHints":{"allow":["GET"]}}],"collection":[{"href":"https:\/\/www.bewertungenloeschen24.de\/index.php\/wp-json\/wp\/v2\/pages"}],"about":[{"href":"https:\/\/www.bewertungenloeschen24.de\/index.php\/wp-json\/wp\/v2\/types\/page"}],"author":[{"embeddable":true,"href":"https:\/\/www.bewertungenloeschen24.de\/index.php\/wp-json\/wp\/v2\/users\/1"}],"replies":[{"embeddable":true,"href":"https:\/\/www.bewertungenloeschen24.de\/index.php\/wp-json\/wp\/v2\/comments?post=479"}],"version-history":[{"count":3,"href":"https:\/\/www.bewertungenloeschen24.de\/index.php\/wp-json\/wp\/v2\/pages\/479\/revisions"}],"predecessor-version":[{"id":482,"href":"https:\/\/www.bewertungenloeschen24.de\/index.php\/wp-json\/wp\/v2\/pages\/479\/revisions\/482"}],"wp:attachment":[{"href":"https:\/\/www.bewertungenloeschen24.de\/index.php\/wp-json\/wp\/v2\/media?parent=479"}],"curies":[{"name":"wp","href":"https:\/\/api.w.org\/{rel}","templated":true}]}}